{"id":450,"date":"2026-03-26T08:22:23","date_gmt":"2026-03-26T08:22:23","guid":{"rendered":"https:\/\/avokatfranceshqip.fr\/?page_id=450"},"modified":"2026-03-26T09:58:15","modified_gmt":"2026-03-26T09:58:15","slug":"contact","status":"publish","type":"page","link":"https:\/\/avokatfranceshqip.fr\/fr\/contact\/","title":{"rendered":"Kontakt"},"content":{"rendered":"\t\t<div data-elementor-type=\"wp-page\" data-elementor-id=\"450\" class=\"elementor elementor-450\" data-elementor-post-type=\"page\">\n\t\t\t\t\t\t<section class=\"elementor-section elementor-top-section elementor-element elementor-element-8c021f9 elementor-section-boxed elementor-section-height-default elementor-section-height-default\" data-id=\"8c021f9\" data-element_type=\"section\" data-settings=\"{&quot;background_background&quot;:&quot;classic&quot;}\">\n\t\t\t\t\t\t\t<div class=\"elementor-background-overlay\"><\/div>\n\t\t\t\t\t\t\t<div class=\"elementor-container elementor-column-gap-no\">\n\t\t\t\t\t<div class=\"elementor-column elementor-col-100 elementor-top-column elementor-element elementor-element-2285e191\" data-id=\"2285e191\" data-element_type=\"column\">\n\t\t\t<div class=\"elementor-widget-wrap elementor-element-populated\">\n\t\t\t\t\t\t<div class=\"elementor-element elementor-element-4ccd953 elementor-widget elementor-widget-heading\" data-id=\"4ccd953\" data-element_type=\"widget\" data-widget_type=\"heading.default\">\n\t\t\t\t<div class=\"elementor-widget-container\">\n\t\t\t\t\t<h1 class=\"elementor-heading-title elementor-size-default\">Na kontaktoni p\u00ebr nj\u00eb konsultim juridik<\/h1>\t\t\t\t<\/div>\n\t\t\t\t<\/div>\n\t\t\t\t<div class=\"elementor-element elementor-element-1732cba9 elementor-widget-divider--view-line_icon elementor-view-default elementor-widget-divider--element-align-center elementor-widget elementor-widget-divider\" data-id=\"1732cba9\" data-element_type=\"widget\" data-widget_type=\"divider.default\">\n\t\t\t\t<div class=\"elementor-widget-container\">\n\t\t\t\t\t\t\t<div class=\"elementor-divider\">\n\t\t\t<span class=\"elementor-divider-separator\">\n\t\t\t\t\t\t\t<div class=\"elementor-icon elementor-divider__element\">\n\t\t\t\t\t<svg aria-hidden=\"true\" class=\"e-font-icon-svg e-fas-balance-scale\" viewBox=\"0 0 640 512\" xmlns=\"http:\/\/www.w3.org\/2000\/svg\"><path d=\"M256 336h-.02c0-16.18 1.34-8.73-85.05-181.51-17.65-35.29-68.19-35.36-85.87 0C-2.06 328.75.02 320.33.02 336H0c0 44.18 57.31 80 128 80s128-35.82 128-80zM128 176l72 144H56l72-144zm511.98 160c0-16.18 1.34-8.73-85.05-181.51-17.65-35.29-68.19-35.36-85.87 0-87.12 174.26-85.04 165.84-85.04 181.51H384c0 44.18 57.31 80 128 80s128-35.82 128-80h-.02zM440 320l72-144 72 144H440zm88 128H352V153.25c23.51-10.29 41.16-31.48 46.39-57.25H528c8.84 0 16-7.16 16-16V48c0-8.84-7.16-16-16-16H383.64C369.04 12.68 346.09 0 320 0s-49.04 12.68-63.64 32H112c-8.84 0-16 7.16-16 16v32c0 8.84 7.16 16 16 16h129.61c5.23 25.76 22.87 46.96 46.39 57.25V448H112c-8.84 0-16 7.16-16 16v32c0 8.84 7.16 16 16 16h416c8.84 0 16-7.16 16-16v-32c0-8.84-7.16-16-16-16z\"><\/path><\/svg><\/div>\n\t\t\t\t\t\t<\/span>\n\t\t<\/div>\n\t\t\t\t\t\t<\/div>\n\t\t\t\t<\/div>\n\t\t\t\t<div class=\"elementor-element elementor-element-69144714 elementor-widget elementor-widget-text-editor\" data-id=\"69144714\" data-element_type=\"widget\" data-widget_type=\"text-editor.default\">\n\t\t\t\t<div class=\"elementor-widget-container\">\n\t\t\t\t\t\t\t\t\t<p>Keni nj\u00eb problem ligjor n\u00eb Franc\u00eb?<br data-start=\"629\" data-end=\"632\" \/>Na kontaktoni p\u00ebr t\u00eb marr\u00eb k\u00ebshillim juridik n\u00eb gjuh\u00ebn shqipe, t\u00eb qart\u00eb dhe profesional.<\/p>\t\t\t\t\t\t\t\t<\/div>\n\t\t\t\t<\/div>\n\t\t\t\t\t<\/div>\n\t\t<\/div>\n\t\t\t\t\t<\/div>\n\t\t<\/section>\n\t\t\t\t<section class=\"elementor-section elementor-top-section elementor-element elementor-element-5b2b0301 elementor-section-boxed elementor-section-height-default elementor-section-height-default\" data-id=\"5b2b0301\" data-element_type=\"section\">\n\t\t\t\t\t\t<div class=\"elementor-container elementor-column-gap-no\">\n\t\t\t\t\t<div class=\"elementor-column elementor-col-100 elementor-top-column elementor-element elementor-element-2d4a7594\" data-id=\"2d4a7594\" data-element_type=\"column\" data-settings=\"{&quot;background_background&quot;:&quot;classic&quot;}\">\n\t\t\t<div class=\"elementor-widget-wrap elementor-element-populated\">\n\t\t\t\t\t\t<div class=\"elementor-element elementor-element-4265423e elementor-button-align-stretch elementor-widget elementor-widget-form\" data-id=\"4265423e\" data-element_type=\"widget\" data-settings=\"{&quot;step_next_label&quot;:&quot;Next&quot;,&quot;step_previous_label&quot;:&quot;Previous&quot;,&quot;button_width&quot;:&quot;100&quot;,&quot;step_type&quot;:&quot;number_text&quot;,&quot;step_icon_shape&quot;:&quot;circle&quot;}\" data-widget_type=\"form.default\">\n\t\t\t\t<div class=\"elementor-widget-container\">\n\t\t\t\t\t\t\t<form class=\"elementor-form\" method=\"post\" name=\"Appointment Form\" aria-label=\"Appointment Form\">\n\t\t\t<input type=\"hidden\" name=\"post_id\" value=\"450\"\/>\n\t\t\t<input type=\"hidden\" name=\"form_id\" value=\"4265423e\"\/>\n\t\t\t<input type=\"hidden\" name=\"referer_title\" value=\"avokatfranceshqip.fr\" \/>\n\n\t\t\t\n\t\t\t<div class=\"elementor-form-fields-wrapper elementor-labels-above\">\n\t\t\t\t\t\t\t\t<div class=\"elementor-field-type-text elementor-field-group elementor-column elementor-field-group-name elementor-col-50 elementor-field-required\">\n\t\t\t\t\t\t\t\t\t\t\t\t<label for=\"form-field-name\" class=\"elementor-field-label\">\n\t\t\t\t\t\t\t\tEmri\t\t\t\t\t\t\t<\/label>\n\t\t\t\t\t\t\t\t\t\t\t\t\t\t<input size=\"1\" type=\"text\" name=\"form_fields[name]\" id=\"form-field-name\" class=\"elementor-field elementor-size-md  elementor-field-textual\" required=\"required\">\n\t\t\t\t\t\t\t\t\t\t\t<\/div>\n\t\t\t\t\t\t\t\t<div class=\"elementor-field-type-email elementor-field-group elementor-column elementor-field-group-email elementor-col-50\">\n\t\t\t\t\t\t\t\t\t\t\t\t<label for=\"form-field-email\" class=\"elementor-field-label\">\n\t\t\t\t\t\t\t\tEmail\t\t\t\t\t\t\t<\/label>\n\t\t\t\t\t\t\t\t\t\t\t\t\t\t<input size=\"1\" type=\"email\" name=\"form_fields[email]\" id=\"form-field-email\" class=\"elementor-field elementor-size-md  elementor-field-textual\">\n\t\t\t\t\t\t\t\t\t\t\t<\/div>\n\t\t\t\t\t\t\t\t<div class=\"elementor-field-type-tel elementor-field-group elementor-column elementor-field-group-field_65382ff elementor-col-50 elementor-field-required\">\n\t\t\t\t\t\t\t\t\t\t\t\t<label for=\"form-field-field_65382ff\" class=\"elementor-field-label\">\n\t\t\t\t\t\t\t\tTelefon\t\t\t\t\t\t\t<\/label>\n\t\t\t\t\t\t\t\t<input size=\"1\" type=\"tel\" name=\"form_fields[field_65382ff]\" id=\"form-field-field_65382ff\" class=\"elementor-field elementor-size-md  elementor-field-textual\" required=\"required\" pattern=\"[0-9()#&amp;+*-=.]+\" title=\"Seuls les caract\u00e8res de num\u00e9ros de t\u00e9l\u00e9phone (#, -, *, etc.) sont accept\u00e9s.\">\n\n\t\t\t\t\t\t<\/div>\n\t\t\t\t\t\t\t\t<div class=\"elementor-field-type-textarea elementor-field-group elementor-column elementor-field-group-message elementor-col-100 elementor-field-required\">\n\t\t\t\t\t\t\t\t\t\t\t\t<label for=\"form-field-message\" class=\"elementor-field-label\">\n\t\t\t\t\t\t\t\tMesazhi\t\t\t\t\t\t\t<\/label>\n\t\t\t\t\t\t<textarea class=\"elementor-field-textual elementor-field  elementor-size-md\" name=\"form_fields[message]\" id=\"form-field-message\" rows=\"10\" required=\"required\"><\/textarea>\t\t\t\t<\/div>\n\t\t\t\t\t\t\t\t<div class=\"elementor-field-group elementor-column elementor-field-type-submit elementor-col-100 e-form__buttons\">\n\t\t\t\t\t<button class=\"elementor-button elementor-size-md\" type=\"submit\">\n\t\t\t\t\t\t<span class=\"elementor-button-content-wrapper\">\n\t\t\t\t\t\t\t\t\t\t\t\t\t\t\t\t\t\t\t\t\t\t<span class=\"elementor-button-text\">D\u00ebrgoni<\/span>\n\t\t\t\t\t\t\t\t\t\t\t\t\t<\/span>\n\t\t\t\t\t<\/button>\n\t\t\t\t<\/div>\n\t\t\t<\/div>\n\t\t<\/form>\n\t\t\t\t\t\t<\/div>\n\t\t\t\t<\/div>\n\t\t\t\t\t<\/div>\n\t\t<\/div>\n\t\t\t\t\t<\/div>\n\t\t<\/section>\n\t\t\t\t<section class=\"elementor-section elementor-top-section elementor-element elementor-element-59f15655 elementor-section-boxed elementor-section-height-default elementor-section-height-default\" data-id=\"59f15655\" data-element_type=\"section\" data-settings=\"{&quot;background_background&quot;:&quot;classic&quot;}\">\n\t\t\t\t\t\t\t<div class=\"elementor-background-overlay\"><\/div>\n\t\t\t\t\t\t\t<div class=\"elementor-container elementor-column-gap-no\">\n\t\t\t\t\t<div class=\"elementor-column elementor-col-100 elementor-top-column elementor-element elementor-element-767b4b2c\" data-id=\"767b4b2c\" data-element_type=\"column\">\n\t\t\t<div class=\"elementor-widget-wrap elementor-element-populated\">\n\t\t\t\t\t\t<div class=\"elementor-element elementor-element-470412e5 elementor-widget elementor-widget-heading\" data-id=\"470412e5\" data-element_type=\"widget\" data-widget_type=\"heading.default\">\n\t\t\t\t<div class=\"elementor-widget-container\">\n\t\t\t\t\t<h2 class=\"elementor-heading-title elementor-size-default\">Kontakt i drejtp\u00ebrdrejt\u00eb<\/h2>\t\t\t\t<\/div>\n\t\t\t\t<\/div>\n\t\t\t\t<div class=\"elementor-element elementor-element-f67dc9b elementor-widget elementor-widget-heading\" data-id=\"f67dc9b\" data-element_type=\"widget\" data-widget_type=\"heading.default\">\n\t\t\t\t<div class=\"elementor-widget-container\">\n\t\t\t\t\t<p class=\"elementor-heading-title elementor-size-default\"><b>P\u00ebr \u00e7\u00ebshtje urgjente ligjore, kontaktoni drejtp\u00ebrdrejt ekipin ton\u00eb p\u00ebr nj\u00eb p\u00ebrgjigje t\u00eb shpejt\u00eb.<\/b><\/p>\t\t\t\t<\/div>\n\t\t\t\t<\/div>\n\t\t\t\t<div class=\"elementor-element elementor-element-5d150e51 elementor-widget-divider--view-line_icon elementor-view-default elementor-widget-divider--element-align-center elementor-widget elementor-widget-divider\" data-id=\"5d150e51\" data-element_type=\"widget\" data-widget_type=\"divider.default\">\n\t\t\t\t<div class=\"elementor-widget-container\">\n\t\t\t\t\t\t\t<div class=\"elementor-divider\">\n\t\t\t<span class=\"elementor-divider-separator\">\n\t\t\t\t\t\t\t<div class=\"elementor-icon elementor-divider__element\">\n\t\t\t\t\t<svg aria-hidden=\"true\" class=\"e-font-icon-svg e-fas-balance-scale\" viewBox=\"0 0 640 512\" xmlns=\"http:\/\/www.w3.org\/2000\/svg\"><path d=\"M256 336h-.02c0-16.18 1.34-8.73-85.05-181.51-17.65-35.29-68.19-35.36-85.87 0C-2.06 328.75.02 320.33.02 336H0c0 44.18 57.31 80 128 80s128-35.82 128-80zM128 176l72 144H56l72-144zm511.98 160c0-16.18 1.34-8.73-85.05-181.51-17.65-35.29-68.19-35.36-85.87 0-87.12 174.26-85.04 165.84-85.04 181.51H384c0 44.18 57.31 80 128 80s128-35.82 128-80h-.02zM440 320l72-144 72 144H440zm88 128H352V153.25c23.51-10.29 41.16-31.48 46.39-57.25H528c8.84 0 16-7.16 16-16V48c0-8.84-7.16-16-16-16H383.64C369.04 12.68 346.09 0 320 0s-49.04 12.68-63.64 32H112c-8.84 0-16 7.16-16 16v32c0 8.84 7.16 16 16 16h129.61c5.23 25.76 22.87 46.96 46.39 57.25V448H112c-8.84 0-16 7.16-16 16v32c0 8.84 7.16 16 16 16h416c8.84 0 16-7.16 16-16v-32c0-8.84-7.16-16-16-16z\"><\/path><\/svg><\/div>\n\t\t\t\t\t\t<\/span>\n\t\t<\/div>\n\t\t\t\t\t\t<\/div>\n\t\t\t\t<\/div>\n\t\t\t\t<div class=\"elementor-element elementor-element-52728db7 elementor-icon-list--layout-inline elementor-align-center animated-slow elementor-list-item-link-full_width elementor-invisible elementor-widget elementor-widget-icon-list\" data-id=\"52728db7\" data-element_type=\"widget\" data-settings=\"{&quot;_animation&quot;:&quot;fadeInUp&quot;,&quot;_animation_delay&quot;:300}\" data-widget_type=\"icon-list.default\">\n\t\t\t\t<div class=\"elementor-widget-container\">\n\t\t\t\t\t\t\t<ul class=\"elementor-icon-list-items elementor-inline-items\">\n\t\t\t\t\t\t\t<li class=\"elementor-icon-list-item elementor-inline-item\">\n\t\t\t\t\t\t\t\t\t\t\t<span class=\"elementor-icon-list-icon\">\n\t\t\t\t\t\t\t<svg aria-hidden=\"true\" class=\"e-font-icon-svg e-fas-phone\" viewBox=\"0 0 512 512\" xmlns=\"http:\/\/www.w3.org\/2000\/svg\"><path d=\"M493.4 24.6l-104-24c-11.3-2.6-22.9 3.3-27.5 13.9l-48 112c-4.2 9.8-1.4 21.3 6.9 28l60.6 49.6c-36 76.7-98.9 140.5-177.2 177.2l-49.6-60.6c-6.8-8.3-18.2-11.1-28-6.9l-112 48C3.9 366.5-2 378.1.6 389.4l24 104C27.1 504.2 36.7 512 48 512c256.1 0 464-207.5 464-464 0-11.2-7.7-20.9-18.6-23.4z\"><\/path><\/svg>\t\t\t\t\t\t<\/span>\n\t\t\t\t\t\t\t\t\t\t<span class=\"elementor-icon-list-text\">+33 7 68 15 35 29<\/span>\n\t\t\t\t\t\t\t\t\t<\/li>\n\t\t\t\t\t\t\t\t<li class=\"elementor-icon-list-item elementor-inline-item\">\n\t\t\t\t\t\t\t\t\t\t\t<span class=\"elementor-icon-list-icon\">\n\t\t\t\t\t\t\t<svg aria-hidden=\"true\" class=\"e-font-icon-svg e-fas-envelope\" viewBox=\"0 0 512 512\" xmlns=\"http:\/\/www.w3.org\/2000\/svg\"><path d=\"M502.3 190.8c3.9-3.1 9.7-.2 9.7 4.7V400c0 26.5-21.5 48-48 48H48c-26.5 0-48-21.5-48-48V195.6c0-5 5.7-7.8 9.7-4.7 22.4 17.4 52.1 39.5 154.1 113.6 21.1 15.4 56.7 47.8 92.2 47.6 35.7.3 72-32.8 92.3-47.6 102-74.1 131.6-96.3 154-113.7zM256 320c23.2.4 56.6-29.2 73.4-41.4 132.7-96.3 142.8-104.7 173.4-128.7 5.8-4.5 9.2-11.5 9.2-18.9v-19c0-26.5-21.5-48-48-48H48C21.5 64 0 85.5 0 112v19c0 7.4 3.4 14.3 9.2 18.9 30.6 23.9 40.7 32.4 173.4 128.7 16.8 12.2 50.2 41.8 73.4 41.4z\"><\/path><\/svg>\t\t\t\t\t\t<\/span>\n\t\t\t\t\t\t\t\t\t\t<span class=\"elementor-icon-list-text\">info@avokatfranceshqip.fr<\/span>\n\t\t\t\t\t\t\t\t\t<\/li>\n\t\t\t\t\t\t<\/ul>\n\t\t\t\t\t\t<\/div>\n\t\t\t\t<\/div>\n\t\t\t\t\t<\/div>\n\t\t<\/div>\n\t\t\t\t\t<\/div>\n\t\t<\/section>\n\t\t\t\t<\/div>\n\t\t","protected":false},"excerpt":{"rendered":"<p>Na kontaktoni p\u00ebr nj\u00eb konsultim juridik Keni nj\u00eb problem ligjor n\u00eb Franc\u00eb?Na kontaktoni p\u00ebr t\u00eb marr\u00eb k\u00ebshillim juridik n\u00eb gjuh\u00ebn shqipe, t\u00eb qart\u00eb dhe profesional. Kontakt i drejtp\u00ebrdrejt\u00eb P\u00ebr \u00e7\u00ebshtje urgjente ligjore, kontaktoni drejtp\u00ebrdrejt ekipin ton\u00eb p\u00ebr nj\u00eb p\u00ebrgjigje t\u00eb shpejt\u00eb. +33 7 68 15 35 29 info@avokatfranceshqip.fr<\/p>","protected":false},"author":1,"featured_media":0,"parent":0,"menu_order":0,"comment_status":"closed","ping_status":"closed","template":"elementor_header_footer","meta":{"footnotes":""},"class_list":["post-450","page","type-page","status-publish","hentry"],"yoast_head":"<!-- This site is optimized with the Yoast SEO plugin v27.2 - https:\/\/yoast.com\/product\/yoast-seo-wordpress\/ -->\n<title>Kontakt Avokat Shqiptar n\u00eb Franc\u00eb | Konsultim Juridik n\u00eb Shqip<\/title>\n<meta name=\"description\" content=\"Kontaktoni nj\u00eb avokat shqiptar n\u00eb Franc\u00eb p\u00ebr k\u00ebshillim juridik n\u00eb shqip. Telefon, WhatsApp dhe formular online p\u00ebr p\u00ebrgjigje t\u00eb shpejt\u00eb.\" \/>\n<meta name=\"robots\" content=\"index, follow, max-snippet:-1, max-image-preview:large, max-video-preview:-1\" \/>\n<link rel=\"canonical\" href=\"https:\/\/avokatfranceshqip.fr\/fr\/contact\/\" \/>\n<meta property=\"og:locale\" content=\"fr_FR\" \/>\n<meta property=\"og:type\" content=\"article\" \/>\n<meta property=\"og:title\" content=\"Kontakt Avokat Shqiptar n\u00eb Franc\u00eb | Konsultim Juridik n\u00eb Shqip\" \/>\n<meta property=\"og:description\" content=\"Kontaktoni nj\u00eb avokat shqiptar n\u00eb Franc\u00eb p\u00ebr k\u00ebshillim juridik n\u00eb shqip. Telefon, WhatsApp dhe formular online p\u00ebr p\u00ebrgjigje t\u00eb shpejt\u00eb.\" \/>\n<meta property=\"og:url\" content=\"https:\/\/avokatfranceshqip.fr\/fr\/contact\/\" \/>\n<meta property=\"og:site_name\" content=\"avokatfranceshqip.fr\" \/>\n<meta property=\"article:modified_time\" content=\"2026-03-26T09:58:15+00:00\" \/>\n<meta name=\"twitter:card\" content=\"summary_large_image\" \/>\n<meta name=\"twitter:label1\" content=\"Dur\u00e9e de lecture estim\u00e9e\" \/>\n\t<meta name=\"twitter:data1\" content=\"1 minute\" \/>\n<script type=\"application\/ld+json\" class=\"yoast-schema-graph\">{\"@context\":\"https:\/\/schema.org\",\"@graph\":[{\"@type\":\"WebPage\",\"@id\":\"https:\/\/avokatfranceshqip.fr\/contact\/\",\"url\":\"https:\/\/avokatfranceshqip.fr\/contact\/\",\"name\":\"Kontakt Avokat Shqiptar n\u00eb Franc\u00eb | Konsultim Juridik n\u00eb Shqip\",\"isPartOf\":{\"@id\":\"https:\/\/avokatfranceshqip.fr\/#website\"},\"datePublished\":\"2026-03-26T08:22:23+00:00\",\"dateModified\":\"2026-03-26T09:58:15+00:00\",\"description\":\"Kontaktoni nj\u00eb avokat shqiptar n\u00eb Franc\u00eb p\u00ebr k\u00ebshillim juridik n\u00eb shqip. Telefon, WhatsApp dhe formular online p\u00ebr p\u00ebrgjigje t\u00eb shpejt\u00eb.\",\"breadcrumb\":{\"@id\":\"https:\/\/avokatfranceshqip.fr\/contact\/#breadcrumb\"},\"inLanguage\":\"fr-FR\",\"potentialAction\":[{\"@type\":\"ReadAction\",\"target\":[\"https:\/\/avokatfranceshqip.fr\/contact\/\"]}]},{\"@type\":\"BreadcrumbList\",\"@id\":\"https:\/\/avokatfranceshqip.fr\/contact\/#breadcrumb\",\"itemListElement\":[{\"@type\":\"ListItem\",\"position\":1,\"name\":\"Accueil\",\"item\":\"https:\/\/avokatfranceshqip.fr\/\"},{\"@type\":\"ListItem\",\"position\":2,\"name\":\"Kontakt\"}]},{\"@type\":\"WebSite\",\"@id\":\"https:\/\/avokatfranceshqip.fr\/#website\",\"url\":\"https:\/\/avokatfranceshqip.fr\/\",\"name\":\"avokatfranceshqip.fr\",\"description\":\"\",\"publisher\":{\"@id\":\"https:\/\/avokatfranceshqip.fr\/#\/schema\/person\/14e19e0c8bbc625ff15194955353fd86\"},\"potentialAction\":[{\"@type\":\"SearchAction\",\"target\":{\"@type\":\"EntryPoint\",\"urlTemplate\":\"https:\/\/avokatfranceshqip.fr\/?s={search_term_string}\"},\"query-input\":{\"@type\":\"PropertyValueSpecification\",\"valueRequired\":true,\"valueName\":\"search_term_string\"}}],\"inLanguage\":\"fr-FR\"},{\"@type\":[\"Person\",\"Organization\"],\"@id\":\"https:\/\/avokatfranceshqip.fr\/#\/schema\/person\/14e19e0c8bbc625ff15194955353fd86\",\"name\":\"mirsaddurmishi.traduction@gmail.com\",\"image\":{\"@type\":\"ImageObject\",\"inLanguage\":\"fr-FR\",\"@id\":\"https:\/\/avokatfranceshqip.fr\/wp-content\/uploads\/2026\/03\/AVOCAT-FRANCE-Shqip-logo.png\",\"url\":\"https:\/\/avokatfranceshqip.fr\/wp-content\/uploads\/2026\/03\/AVOCAT-FRANCE-Shqip-logo.png\",\"contentUrl\":\"https:\/\/avokatfranceshqip.fr\/wp-content\/uploads\/2026\/03\/AVOCAT-FRANCE-Shqip-logo.png\",\"width\":200,\"height\":200,\"caption\":\"mirsaddurmishi.traduction@gmail.com\"},\"logo\":{\"@id\":\"https:\/\/avokatfranceshqip.fr\/wp-content\/uploads\/2026\/03\/AVOCAT-FRANCE-Shqip-logo.png\"},\"sameAs\":[\"https:\/\/avokatfranceshqip.fr\"]}]}<\/script>\n<!-- \/ Yoast SEO plugin. -->","yoast_head_json":{"title":"Kontakt Avokat Shqiptar n\u00eb Franc\u00eb | Konsultim Juridik n\u00eb Shqip","description":"Kontaktoni nj\u00eb avokat shqiptar n\u00eb Franc\u00eb p\u00ebr k\u00ebshillim juridik n\u00eb shqip. Telefon, WhatsApp dhe formular online p\u00ebr p\u00ebrgjigje t\u00eb shpejt\u00eb.","robots":{"index":"index","follow":"follow","max-snippet":"max-snippet:-1","max-image-preview":"max-image-preview:large","max-video-preview":"max-video-preview:-1"},"canonical":"https:\/\/avokatfranceshqip.fr\/fr\/contact\/","og_locale":"fr_FR","og_type":"article","og_title":"Kontakt Avokat Shqiptar n\u00eb Franc\u00eb | Konsultim Juridik n\u00eb Shqip","og_description":"Kontaktoni nj\u00eb avokat shqiptar n\u00eb Franc\u00eb p\u00ebr k\u00ebshillim juridik n\u00eb shqip. Telefon, WhatsApp dhe formular online p\u00ebr p\u00ebrgjigje t\u00eb shpejt\u00eb.","og_url":"https:\/\/avokatfranceshqip.fr\/fr\/contact\/","og_site_name":"avokatfranceshqip.fr","article_modified_time":"2026-03-26T09:58:15+00:00","twitter_card":"summary_large_image","twitter_misc":{"Dur\u00e9e de lecture estim\u00e9e":"1 minute"},"schema":{"@context":"https:\/\/schema.org","@graph":[{"@type":"WebPage","@id":"https:\/\/avokatfranceshqip.fr\/contact\/","url":"https:\/\/avokatfranceshqip.fr\/contact\/","name":"Kontakt Avokat Shqiptar n\u00eb Franc\u00eb | Konsultim Juridik n\u00eb Shqip","isPartOf":{"@id":"https:\/\/avokatfranceshqip.fr\/#website"},"datePublished":"2026-03-26T08:22:23+00:00","dateModified":"2026-03-26T09:58:15+00:00","description":"Kontaktoni nj\u00eb avokat shqiptar n\u00eb Franc\u00eb p\u00ebr k\u00ebshillim juridik n\u00eb shqip. Telefon, WhatsApp dhe formular online p\u00ebr p\u00ebrgjigje t\u00eb shpejt\u00eb.","breadcrumb":{"@id":"https:\/\/avokatfranceshqip.fr\/contact\/#breadcrumb"},"inLanguage":"fr-FR","potentialAction":[{"@type":"ReadAction","target":["https:\/\/avokatfranceshqip.fr\/contact\/"]}]},{"@type":"BreadcrumbList","@id":"https:\/\/avokatfranceshqip.fr\/contact\/#breadcrumb","itemListElement":[{"@type":"ListItem","position":1,"name":"Accueil","item":"https:\/\/avokatfranceshqip.fr\/"},{"@type":"ListItem","position":2,"name":"Kontakt"}]},{"@type":"WebSite","@id":"https:\/\/avokatfranceshqip.fr\/#website","url":"https:\/\/avokatfranceshqip.fr\/","name":"avokatfranceshqip.fr","description":"","publisher":{"@id":"https:\/\/avokatfranceshqip.fr\/#\/schema\/person\/14e19e0c8bbc625ff15194955353fd86"},"potentialAction":[{"@type":"SearchAction","target":{"@type":"EntryPoint","urlTemplate":"https:\/\/avokatfranceshqip.fr\/?s={search_term_string}"},"query-input":{"@type":"PropertyValueSpecification","valueRequired":true,"valueName":"search_term_string"}}],"inLanguage":"fr-FR"},{"@type":["Person","Organization"],"@id":"https:\/\/avokatfranceshqip.fr\/#\/schema\/person\/14e19e0c8bbc625ff15194955353fd86","name":"mirsaddurmishi.traduction@gmail.com","image":{"@type":"ImageObject","inLanguage":"fr-FR","@id":"https:\/\/avokatfranceshqip.fr\/wp-content\/uploads\/2026\/03\/AVOCAT-FRANCE-Shqip-logo.png","url":"https:\/\/avokatfranceshqip.fr\/wp-content\/uploads\/2026\/03\/AVOCAT-FRANCE-Shqip-logo.png","contentUrl":"https:\/\/avokatfranceshqip.fr\/wp-content\/uploads\/2026\/03\/AVOCAT-FRANCE-Shqip-logo.png","width":200,"height":200,"caption":"mirsaddurmishi.traduction@gmail.com"},"logo":{"@id":"https:\/\/avokatfranceshqip.fr\/wp-content\/uploads\/2026\/03\/AVOCAT-FRANCE-Shqip-logo.png"},"sameAs":["https:\/\/avokatfranceshqip.fr"]}]}},"_links":{"self":[{"href":"https:\/\/avokatfranceshqip.fr\/fr\/wp-json\/wp\/v2\/pages\/450","targetHints":{"allow":["GET"]}}],"collection":[{"href":"https:\/\/avokatfranceshqip.fr\/fr\/wp-json\/wp\/v2\/pages"}],"about":[{"href":"https:\/\/avokatfranceshqip.fr\/fr\/wp-json\/wp\/v2\/types\/page"}],"author":[{"embeddable":true,"href":"https:\/\/avokatfranceshqip.fr\/fr\/wp-json\/wp\/v2\/users\/1"}],"replies":[{"embeddable":true,"href":"https:\/\/avokatfranceshqip.fr\/fr\/wp-json\/wp\/v2\/comments?post=450"}],"version-history":[{"count":7,"href":"https:\/\/avokatfranceshqip.fr\/fr\/wp-json\/wp\/v2\/pages\/450\/revisions"}],"predecessor-version":[{"id":513,"href":"https:\/\/avokatfranceshqip.fr\/fr\/wp-json\/wp\/v2\/pages\/450\/revisions\/513"}],"wp:attachment":[{"href":"https:\/\/avokatfranceshqip.fr\/fr\/wp-json\/wp\/v2\/media?parent=450"}],"curies":[{"name":"wp","href":"https:\/\/api.w.org\/{rel}","templated":true}]}}